{"id":59,"date":"2024-02-22T01:50:07","date_gmt":"2024-02-22T01:50:07","guid":{"rendered":"https:\/\/clubraphaelista.docuqu.com\/?page_id=59"},"modified":"2024-02-24T15:36:28","modified_gmt":"2024-02-24T15:36:28","slug":"noticias","status":"publish","type":"page","link":"https:\/\/raphaeltodaunavida.com\/?page_id=59","title":{"rendered":"Noticias"},"content":{"rendered":"\t\t<div data-elementor-type=\"wp-page\" data-elementor-id=\"59\" class=\"elementor elementor-59\" data-elementor-post-type=\"page\">\n\t\t\t\t<div class=\"elementor-element elementor-element-71137a8 e-flex e-con-boxed e-con e-parent\" data-id=\"71137a8\" data-element_type=\"container\" data-core-v316-plus=\"true\">\n\t\t\t\t\t<div class=\"e-con-inner\">\n\t\t\t\t<div class=\"elementor-element elementor-element-415c232 elementor-widget elementor-widget-heading\" data-id=\"415c232\" data-element_type=\"widget\" data-widget_type=\"heading.default\">\n\t\t\t\t<div class=\"elementor-widget-container\">\n\t\t\t<style>\/*! elementor - v3.20.0 - 26-03-2024 *\/\n.elementor-heading-title{padding:0;margin:0;line-height:1}.elementor-widget-heading .elementor-heading-title[class*=elementor-size-]>a{color:inherit;font-size:inherit;line-height:inherit}.elementor-widget-heading .elementor-heading-title.elementor-size-small{font-size:15px}.elementor-widget-heading .elementor-heading-title.elementor-size-medium{font-size:19px}.elementor-widget-heading .elementor-heading-title.elementor-size-large{font-size:29px}.elementor-widget-heading .elementor-heading-title.elementor-size-xl{font-size:39px}.elementor-widget-heading .elementor-heading-title.elementor-size-xxl{font-size:59px}<\/style><h1 class=\"elementor-heading-title elementor-size-default\">\"\u00a1Mantente Informado! Novedades y Eventos de Raphael en Per\u00fa\"\n\n\n\n<\/h1>\t\t<\/div>\n\t\t\t\t<\/div>\n\t\t\t\t<div class=\"elementor-element elementor-element-512062c elementor-widget elementor-widget-text-editor\" data-id=\"512062c\" data-element_type=\"widget\" data-widget_type=\"text-editor.default\">\n\t\t\t\t<div class=\"elementor-widget-container\">\n\t\t\t<style>\/*! elementor - v3.20.0 - 26-03-2024 *\/\n.elementor-widget-text-editor.elementor-drop-cap-view-stacked .elementor-drop-cap{background-color:#69727d;color:#fff}.elementor-widget-text-editor.elementor-drop-cap-view-framed .elementor-drop-cap{color:#69727d;border:3px solid;background-color:transparent}.elementor-widget-text-editor:not(.elementor-drop-cap-view-default) .elementor-drop-cap{margin-top:8px}.elementor-widget-text-editor:not(.elementor-drop-cap-view-default) .elementor-drop-cap-letter{width:1em;height:1em}.elementor-widget-text-editor .elementor-drop-cap{float:left;text-align:center;line-height:1;font-size:50px}.elementor-widget-text-editor .elementor-drop-cap-letter{display:inline-block}<\/style>\t\t\t\t<div class=\"flex-1 overflow-hidden\"><div class=\"react-scroll-to-bottom--css-dzghy-79elbk h-full\"><div class=\"react-scroll-to-bottom--css-dzghy-1n7m0yu\"><div class=\"flex flex-col pb-9 text-sm\"><div class=\"w-full text-token-text-primary\" data-testid=\"conversation-turn-31\"><div class=\"px-4 py-2 justify-center text-base md:gap-6 m-auto\"><div class=\"flex flex-1 text-base mx-auto gap-3 md:px-5 lg:px-1 xl:px-5 md:max-w-3xl lg:max-w-[40rem] xl:max-w-[48rem] group final-completion\"><div class=\"relative flex w-full flex-col agent-turn\"><div class=\"flex-col gap-1 md:gap-3\"><div class=\"flex flex-grow flex-col max-w-full\"><div class=\"min-h-[20px] text-message flex flex-col items-start gap-3 whitespace-pre-wrap break-words [.text-message+&amp;]:mt-5 overflow-x-auto\" data-message-author-role=\"assistant\" data-message-id=\"715c094a-7bf1-4c7f-b43c-28149f4103bd\"><div class=\"markdown prose w-full break-words dark:prose-invert light\"><p>En esta secci\u00f3n, te mantendremos al d\u00eda con todas las novedades relacionadas con Raphael en Per\u00fa. Desde eventos pr\u00f3ximos y conciertos, hasta lanzamientos de \u00e1lbumes y entrevistas exclusivas, aqu\u00ed encontrar\u00e1s toda la informaci\u00f3n que necesitas para no perderte nada de lo que sucede con tu artista favorito. \u00a1\u00danete a nosotros y s\u00e9 el primero en enterarte de todo lo relacionado con Raphael en Per\u00fa!<\/p><\/div><\/div><\/div><\/div><\/div><\/div><\/div><\/div><\/div><\/div><\/div><\/div>\t\t\t\t\t\t<\/div>\n\t\t\t\t<\/div>\n\t\t\t\t<div class=\"elementor-element elementor-element-f90be1d elementor-grid-3 elementor-grid-tablet-2 elementor-grid-mobile-1 elementor-posts--thumbnail-top elementor-card-shadow-yes elementor-posts__hover-gradient elementor-widget elementor-widget-posts\" data-id=\"f90be1d\" data-element_type=\"widget\" data-settings=\"{&quot;pagination_type&quot;:&quot;load_more_infinite_scroll&quot;,&quot;cards_columns&quot;:&quot;3&quot;,&quot;cards_columns_tablet&quot;:&quot;2&quot;,&quot;cards_columns_mobile&quot;:&quot;1&quot;,&quot;cards_row_gap&quot;:{&quot;unit&quot;:&quot;px&quot;,&quot;size&quot;:35,&quot;sizes&quot;:[]},&quot;cards_row_gap_tablet&quot;:{&quot;unit&quot;:&quot;px&quot;,&quot;size&quot;:&quot;&quot;,&quot;sizes&quot;:[]},&quot;cards_row_gap_mobile&quot;:{&quot;unit&quot;:&quot;px&quot;,&quot;size&quot;:&quot;&quot;,&quot;sizes&quot;:[]},&quot;load_more_spinner&quot;:{&quot;value&quot;:&quot;fas fa-spinner&quot;,&quot;library&quot;:&quot;fa-solid&quot;}}\" data-widget_type=\"posts.cards\">\n\t\t\t\t<div class=\"elementor-widget-container\">\n\t\t\t<link rel=\"stylesheet\" href=\"https:\/\/raphaeltodaunavida.com\/wp-content\/plugins\/elementor-pro\/assets\/css\/widget-posts.min.css\">\t\t<div class=\"elementor-posts-container elementor-posts elementor-posts--skin-cards elementor-grid\">\n\t\t\t\t<article class=\"elementor-post elementor-grid-item post-776 blog_noticias type-blog_noticias status-publish hentry\">\n\t\t\t<div class=\"elementor-post__card\">\n\t\t\t\t<div class=\"elementor-post__text\">\n\t\t\t\t<h3 class=\"elementor-post__title\">\n\t\t\t<a href=\"https:\/\/raphaeltodaunavida.com\/?blog_noticias=raphael-presenta-la-gira-raphaelisimo-con-la-que-recorrera-espana-a-partir-de-junio\" >\n\t\t\t\tRAPHAEL PRESENTA LA GIRA \u2018RAPHAEL\u00cdSIMO\u2019, CON LA QUE RECORRER\u00c1 ESPA\u00d1A A PARTIR DE JUNIO\t\t\t<\/a>\n\t\t<\/h3>\n\t\t\t\t<div class=\"elementor-post__excerpt\">\n\t\t\t<p>Queridas amigas, queridos amigos. Como muchas y muchos sab\u00e9is, durante los \u00faltimos cuatro meses he estado siguiendo un tratamiento m\u00e9dico debido al linfoma cerebral que<\/p>\n\t\t<\/div>\n\t\t\n\t\t<a class=\"elementor-post__read-more\" href=\"https:\/\/raphaeltodaunavida.com\/?blog_noticias=raphael-presenta-la-gira-raphaelisimo-con-la-que-recorrera-espana-a-partir-de-junio\" aria-label=\"Read more about RAPHAEL PRESENTA LA GIRA \u2018RAPHAEL\u00cdSIMO\u2019, CON LA QUE RECORRER\u00c1 ESPA\u00d1A A PARTIR DE JUNIO\" tabindex=\"-1\" >\n\t\t\tRead More \u00bb\t\t<\/a>\n\n\t\t\t\t<\/div>\n\t\t\t\t<div class=\"elementor-post__meta-data\">\n\t\t\t\t\t<span class=\"elementor-post-date\">\n\t\t\tmayo 28, 2025\t\t<\/span>\n\t\t\t\t<span class=\"elementor-post-avatar\">\n\t\t\tNo hay comentarios\t\t<\/span>\n\t\t\t\t<\/div>\n\t\t\t\t\t<\/div>\n\t\t<\/article>\n\t\t\t\t<article class=\"elementor-post elementor-grid-item post-530 blog_noticias type-blog_noticias status-publish has-post-thumbnail hentry\">\n\t\t\t<div class=\"elementor-post__card\">\n\t\t\t\t<a class=\"elementor-post__thumbnail__link\" href=\"https:\/\/raphaeltodaunavida.com\/?blog_noticias=raphael-su-gran-noche\" tabindex=\"-1\" ><div class=\"elementor-post__thumbnail\"><img fetchpriority=\"high\" decoding=\"async\" width=\"212\" height=\"300\" src=\"https:\/\/raphaeltodaunavida.com\/wp-content\/uploads\/2024\/02\/WhatsApp-Image-2024-02-23-at-8.03.26-PM-212x300.jpeg\" class=\"attachment-medium size-medium wp-image-531\" alt=\"\" srcset=\"https:\/\/raphaeltodaunavida.com\/wp-content\/uploads\/2024\/02\/WhatsApp-Image-2024-02-23-at-8.03.26-PM-212x300.jpeg 212w, https:\/\/raphaeltodaunavida.com\/wp-content\/uploads\/2024\/02\/WhatsApp-Image-2024-02-23-at-8.03.26-PM-724x1024.jpeg 724w, https:\/\/raphaeltodaunavida.com\/wp-content\/uploads\/2024\/02\/WhatsApp-Image-2024-02-23-at-8.03.26-PM-768x1086.jpeg 768w, https:\/\/raphaeltodaunavida.com\/wp-content\/uploads\/2024\/02\/WhatsApp-Image-2024-02-23-at-8.03.26-PM-1087x1536.jpeg 1087w, https:\/\/raphaeltodaunavida.com\/wp-content\/uploads\/2024\/02\/WhatsApp-Image-2024-02-23-at-8.03.26-PM.jpeg 1132w\" sizes=\"(max-width: 212px) 100vw, 212px\" \/><\/div><\/a>\n\t\t\t\t<div class=\"elementor-post__text\">\n\t\t\t\t<h3 class=\"elementor-post__title\">\n\t\t\t<a href=\"https:\/\/raphaeltodaunavida.com\/?blog_noticias=raphael-su-gran-noche\" >\n\t\t\t\tRaphael: Su Gran Noche\t\t\t<\/a>\n\t\t<\/h3>\n\t\t\t\t<div class=\"elementor-post__excerpt\">\n\t\t\t<p>El Divo espa\u00f1ol regresa al Per\u00fa conversando con \u00e9l sobre chabuca Granda su legendaria carrera Y por qu\u00e9 nunca dejar\u00e1&nbsp;los&nbsp;escenarios.<\/p>\n\t\t<\/div>\n\t\t\n\t\t<a class=\"elementor-post__read-more\" href=\"https:\/\/raphaeltodaunavida.com\/?blog_noticias=raphael-su-gran-noche\" aria-label=\"Read more about Raphael: Su Gran Noche\" tabindex=\"-1\" >\n\t\t\tRead More \u00bb\t\t<\/a>\n\n\t\t\t\t<\/div>\n\t\t\t\t<div class=\"elementor-post__meta-data\">\n\t\t\t\t\t<span class=\"elementor-post-date\">\n\t\t\tfebrero 24, 2024\t\t<\/span>\n\t\t\t\t<span class=\"elementor-post-avatar\">\n\t\t\tNo hay comentarios\t\t<\/span>\n\t\t\t\t<\/div>\n\t\t\t\t\t<\/div>\n\t\t<\/article>\n\t\t\t\t<article class=\"elementor-post elementor-grid-item post-414 blog_noticias type-blog_noticias status-publish has-post-thumbnail hentry\">\n\t\t\t<div class=\"elementor-post__card\">\n\t\t\t\t<a class=\"elementor-post__thumbnail__link\" href=\"https:\/\/raphaeltodaunavida.com\/?blog_noticias=raphael-soy-muy-fiel-a-la-musica-por-eso-he-hecho-tan-poco-cine\" tabindex=\"-1\" ><div class=\"elementor-post__thumbnail\"><img decoding=\"async\" width=\"300\" height=\"169\" src=\"https:\/\/raphaeltodaunavida.com\/wp-content\/uploads\/2024\/02\/image_2024-02-23_173002383-300x169.png\" class=\"attachment-medium size-medium wp-image-415\" alt=\"\" srcset=\"https:\/\/raphaeltodaunavida.com\/wp-content\/uploads\/2024\/02\/image_2024-02-23_173002383-300x169.png 300w, https:\/\/raphaeltodaunavida.com\/wp-content\/uploads\/2024\/02\/image_2024-02-23_173002383-1024x578.png 1024w, https:\/\/raphaeltodaunavida.com\/wp-content\/uploads\/2024\/02\/image_2024-02-23_173002383-768x434.png 768w, https:\/\/raphaeltodaunavida.com\/wp-content\/uploads\/2024\/02\/image_2024-02-23_173002383.png 1275w\" sizes=\"(max-width: 300px) 100vw, 300px\" \/><\/div><\/a>\n\t\t\t\t<div class=\"elementor-post__text\">\n\t\t\t\t<h3 class=\"elementor-post__title\">\n\t\t\t<a href=\"https:\/\/raphaeltodaunavida.com\/?blog_noticias=raphael-soy-muy-fiel-a-la-musica-por-eso-he-hecho-tan-poco-cine\" >\n\t\t\t\tRaphael: \u201cSoy muy fiel a la m\u00fasica, por eso he hecho tan poco cine\u201d\t\t\t<\/a>\n\t\t<\/h3>\n\t\t\t\t<div class=\"elementor-post__excerpt\">\n\t\t\t<p>Rafael Martos (Linares, Espa\u00f1a, 1953), una de las mejores voces de la balada rom\u00e1ntica en Espa\u00f1a y Am\u00e9rica, ha logrado en su m\u00e1s de medio<\/p>\n\t\t<\/div>\n\t\t\n\t\t<a class=\"elementor-post__read-more\" href=\"https:\/\/raphaeltodaunavida.com\/?blog_noticias=raphael-soy-muy-fiel-a-la-musica-por-eso-he-hecho-tan-poco-cine\" aria-label=\"Read more about Raphael: \u201cSoy muy fiel a la m\u00fasica, por eso he hecho tan poco cine\u201d\" tabindex=\"-1\" >\n\t\t\tRead More \u00bb\t\t<\/a>\n\n\t\t\t\t<\/div>\n\t\t\t\t<div class=\"elementor-post__meta-data\">\n\t\t\t\t\t<span class=\"elementor-post-date\">\n\t\t\tfebrero 23, 2024\t\t<\/span>\n\t\t\t\t<span class=\"elementor-post-avatar\">\n\t\t\tNo hay comentarios\t\t<\/span>\n\t\t\t\t<\/div>\n\t\t\t\t\t<\/div>\n\t\t<\/article>\n\t\t\t\t<\/div>\n\t\t\t\t\t<span class=\"e-load-more-spinner\">\n\t\t\t\t<svg aria-hidden=\"true\" class=\"e-font-icon-svg e-fas-spinner\" viewBox=\"0 0 512 512\" xmlns=\"http:\/\/www.w3.org\/2000\/svg\"><path d=\"M304 48c0 26.51-21.49 48-48 48s-48-21.49-48-48 21.49-48 48-48 48 21.49 48 48zm-48 368c-26.51 0-48 21.49-48 48s21.49 48 48 48 48-21.49 48-48-21.49-48-48-48zm208-208c-26.51 0-48 21.49-48 48s21.49 48 48 48 48-21.49 48-48-21.49-48-48-48zM96 256c0-26.51-21.49-48-48-48S0 229.49 0 256s21.49 48 48 48 48-21.49 48-48zm12.922 99.078c-26.51 0-48 21.49-48 48s21.49 48 48 48 48-21.49 48-48c0-26.509-21.491-48-48-48zm294.156 0c-26.51 0-48 21.49-48 48s21.49 48 48 48 48-21.49 48-48c0-26.509-21.49-48-48-48zM108.922 60.922c-26.51 0-48 21.49-48 48s21.49 48 48 48 48-21.49 48-48-21.491-48-48-48z\"><\/path><\/svg>\t\t\t<\/span>\n\t\t\n\t\t\t\t<div class=\"e-load-more-anchor\" data-page=\"1\" data-max-page=\"2\" data-next-page=\"https:\/\/raphaeltodaunavida.com\/index.php?rest_route=%2Fwp%2Fv2%2Fpages%2F59&#038;paged=2\"><\/div>\n\t\t\t\t<div class=\"e-load-more-message\"><\/div>\n\t\t\t\t<\/div>\n\t\t\t\t<\/div>\n\t\t\t\t\t<\/div>\n\t\t\t\t<\/div>\n\t\t\t\t<\/div>\n\t\t","protected":false},"excerpt":{"rendered":"<p>\u00ab\u00a1Mantente Informado! Novedades y Eventos de Raphael en Per\u00fa\u00bb En esta secci\u00f3n, te mantendremos al d\u00eda con todas las novedades relacionadas con Raphael en Per\u00fa. Desde eventos pr\u00f3ximos y conciertos, hasta lanzamientos de \u00e1lbumes y entrevistas exclusivas, aqu\u00ed encontrar\u00e1s toda la informaci\u00f3n que necesitas para no perderte nada de lo que sucede con tu artista [&hellip;]<\/p>\n","protected":false},"author":1,"featured_media":0,"parent":0,"menu_order":0,"comment_status":"closed","ping_status":"closed","template":"","meta":{"_acf_changed":false,"footnotes":""},"class_list":["post-59","page","type-page","status-publish","hentry"],"acf":[],"_links":{"self":[{"href":"https:\/\/raphaeltodaunavida.com\/index.php?rest_route=\/wp\/v2\/pages\/59","targetHints":{"allow":["GET"]}}],"collection":[{"href":"https:\/\/raphaeltodaunavida.com\/index.php?rest_route=\/wp\/v2\/pages"}],"about":[{"href":"https:\/\/raphaeltodaunavida.com\/index.php?rest_route=\/wp\/v2\/types\/page"}],"author":[{"embeddable":true,"href":"https:\/\/raphaeltodaunavida.com\/index.php?rest_route=\/wp\/v2\/users\/1"}],"replies":[{"embeddable":true,"href":"https:\/\/raphaeltodaunavida.com\/index.php?rest_route=%2Fwp%2Fv2%2Fcomments&post=59"}],"version-history":[{"count":17,"href":"https:\/\/raphaeltodaunavida.com\/index.php?rest_route=\/wp\/v2\/pages\/59\/revisions"}],"predecessor-version":[{"id":772,"href":"https:\/\/raphaeltodaunavida.com\/index.php?rest_route=\/wp\/v2\/pages\/59\/revisions\/772"}],"wp:attachment":[{"href":"https:\/\/raphaeltodaunavida.com\/index.php?rest_route=%2Fwp%2Fv2%2Fmedia&parent=59"}],"curies":[{"name":"wp","href":"https:\/\/api.w.org\/{rel}","templated":true}]}}